{"id":4732,"date":"2024-08-20T20:22:17","date_gmt":"2024-08-20T20:22:17","guid":{"rendered":"https:\/\/equipeanniedufour.com\/social-implications\/"},"modified":"2026-03-23T17:39:19","modified_gmt":"2026-03-23T17:39:19","slug":"social-implications","status":"publish","type":"page","link":"https:\/\/equipeanniedufour.com\/en\/social-implications\/","title":{"rendered":"Social implications"},"content":{"rendered":"\t\t<div data-elementor-type=\"wp-page\" data-elementor-id=\"4732\" class=\"elementor elementor-4732 elementor-2301\" data-elementor-post-type=\"page\">\n\t\t\t\t<div class=\"elementor-element elementor-element-2fc829c e-con-full e-flex e-con e-parent\" data-id=\"2fc829c\" data-element_type=\"container\" data-e-type=\"container\" data-settings=\"{&quot;background_background&quot;:&quot;classic&quot;}\">\n\t\t\t\t<div class=\"elementor-element elementor-element-59eba75 elementor-widget__width-inherit animated-slow elementor-invisible elementor-widget elementor-widget-heading\" data-id=\"59eba75\" data-element_type=\"widget\" data-e-type=\"widget\" data-settings=\"{&quot;_animation&quot;:&quot;bounceIn&quot;}\" data-widget_type=\"heading.default\">\n\t\t\t\t<div class=\"elementor-widget-container\">\n\t\t\t\t\t<h1 class=\"elementor-heading-title elementor-size-default\">Our Social Implications<\/h1>\t\t\t\t<\/div>\n\t\t\t\t<\/div>\n\t\t\t\t<\/div>\n\t\t<div class=\"elementor-element elementor-element-4a917d2 e-con-full elementor-hidden-mobile e-flex e-con e-parent\" data-id=\"4a917d2\" data-element_type=\"container\" data-e-type=\"container\" data-settings=\"{&quot;background_background&quot;:&quot;classic&quot;}\">\n\t\t\t\t<\/div>\n\t\t<div class=\"elementor-element elementor-element-004dd91 e-con-full e-flex e-con e-parent\" data-id=\"004dd91\" data-element_type=\"container\" data-e-type=\"container\" data-settings=\"{&quot;background_background&quot;:&quot;classic&quot;}\">\n\t\t<div class=\"elementor-element elementor-element-a7a34f9 e-con-full e-flex e-con e-child\" data-id=\"a7a34f9\" data-element_type=\"container\" data-e-type=\"container\">\n\t\t\t\t<div class=\"elementor-element elementor-element-3ac2232 animated-slow elementor-invisible elementor-widget elementor-widget-image\" data-id=\"3ac2232\" data-element_type=\"widget\" data-e-type=\"widget\" data-settings=\"{&quot;_animation&quot;:&quot;slideInLeft&quot;}\" data-widget_type=\"image.default\">\n\t\t\t\t<div class=\"elementor-widget-container\">\n\t\t\t\t\t\t\t\t\t\t\t\t\t\t\t<img fetchpriority=\"high\" decoding=\"async\" width=\"1200\" height=\"1600\" src=\"https:\/\/equipeanniedufour.com\/wp-content\/uploads\/2026\/03\/DSCF5794.png\" class=\"attachment-full size-full wp-image-7537\" alt=\"Annie et Gill - \u00c9quipe Annie Dufour\" srcset=\"https:\/\/equipeanniedufour.com\/wp-content\/uploads\/2026\/03\/DSCF5794.png 1200w, https:\/\/equipeanniedufour.com\/wp-content\/uploads\/2026\/03\/DSCF5794-225x300.png 225w, https:\/\/equipeanniedufour.com\/wp-content\/uploads\/2026\/03\/DSCF5794-768x1024.png 768w, https:\/\/equipeanniedufour.com\/wp-content\/uploads\/2026\/03\/DSCF5794-1152x1536.png 1152w\" sizes=\"(max-width: 1200px) 100vw, 1200px\" \/>\t\t\t\t\t\t\t\t\t\t\t\t\t\t\t<\/div>\n\t\t\t\t<\/div>\n\t\t\t\t<\/div>\n\t\t<div class=\"elementor-element elementor-element-1ca12c6 e-con-full e-flex e-con e-child\" data-id=\"1ca12c6\" data-element_type=\"container\" data-e-type=\"container\">\n\t\t\t\t<div class=\"elementor-element elementor-element-59b6133 elementor-widget elementor-widget-text-editor\" data-id=\"59b6133\" data-element_type=\"widget\" data-e-type=\"widget\" data-widget_type=\"text-editor.default\">\n\t\t\t\t<div class=\"elementor-widget-container\">\n\t\t\t\t\t\t\t\t\tWorking in various sectors of the real estate industry exposes us to many different realities. Through these experiences, we have witnessed the importance of providing tangible support to those in need. With this in mind, Team Annie Dufour is dedicated to giving back to the Saguenay community by supporting important causes such as Op\u00e9ration Enfant Soleil and Club Optimiste. We believe that our success is not only measured by the transactions we complete but also by our ability to make a positive impact through our social involvement.\t\t\t\t\t\t\t\t<\/div>\n\t\t\t\t<\/div>\n\t\t\t\t<\/div>\n\t\t\t\t<\/div>\n\t\t<div class=\"elementor-element elementor-element-7eb3fab e-flex e-con-boxed e-con e-parent\" data-id=\"7eb3fab\" data-element_type=\"container\" data-e-type=\"container\">\n\t\t\t\t\t<div class=\"e-con-inner\">\n\t\t\t\t<div class=\"elementor-element elementor-element-63a1754 animated-slow elementor-invisible elementor-widget elementor-widget-heading\" data-id=\"63a1754\" data-element_type=\"widget\" data-e-type=\"widget\" data-settings=\"{&quot;_animation&quot;:&quot;bounceIn&quot;}\" data-widget_type=\"heading.default\">\n\t\t\t\t<div class=\"elementor-widget-container\">\n\t\t\t\t\t<h2 class=\"elementor-heading-title elementor-size-default\">Club optimiste<\/h2>\t\t\t\t<\/div>\n\t\t\t\t<\/div>\n\t\t\t\t<div class=\"elementor-element elementor-element-bc050d5 elementor-widget elementor-widget-text-editor\" data-id=\"bc050d5\" data-element_type=\"widget\" data-e-type=\"widget\" data-widget_type=\"text-editor.default\">\n\t\t\t\t<div class=\"elementor-widget-container\">\n\t\t\t\t\t\t\t\t\t<p>Club Optimiste, with whom we regularly collaborate, is committed to supporting young people and enhancing their quality of life. By participating in their initiatives, we help to create a more promising future for the youth in our beautiful community.<\/p>\n\t\t\t\t\t\t\t\t<\/div>\n\t\t\t\t<\/div>\n\t\t\t\t\t<\/div>\n\t\t\t\t<\/div>\n\t\t<div class=\"elementor-element elementor-element-2c2d7ae e-con-full e-flex e-con e-parent\" data-id=\"2c2d7ae\" data-element_type=\"container\" data-e-type=\"container\" data-settings=\"{&quot;background_background&quot;:&quot;classic&quot;}\">\n\t\t<div class=\"elementor-element elementor-element-8e4407e e-con-full e-flex e-con e-child\" data-id=\"8e4407e\" data-element_type=\"container\" data-e-type=\"container\">\n\t\t\t\t<div class=\"elementor-element elementor-element-6274aff animated-slow elementor-invisible elementor-widget elementor-widget-heading\" data-id=\"6274aff\" data-element_type=\"widget\" data-e-type=\"widget\" data-settings=\"{&quot;_animation&quot;:&quot;bounceIn&quot;}\" data-widget_type=\"heading.default\">\n\t\t\t\t<div class=\"elementor-widget-container\">\n\t\t\t\t\t<h2 class=\"elementor-heading-title elementor-size-default\">Op\u00e9ration Enfant Soleil<\/h2>\t\t\t\t<\/div>\n\t\t\t\t<\/div>\n\t\t\t\t<div class=\"elementor-element elementor-element-9dfbca9 elementor-widget elementor-widget-text-editor\" data-id=\"9dfbca9\" data-element_type=\"widget\" data-e-type=\"widget\" data-widget_type=\"text-editor.default\">\n\t\t\t\t<div class=\"elementor-widget-container\">\n\t\t\t\t\t\t\t\t\t<p>Each year, we support Op\u00e9ration Enfant Soleil, an organization dedicated to enhancing pediatric care. Through our commitment, we help finance specialized equipment and innovative projects that ensure high-quality care for sick children.<\/p>\n\t\t\t\t\t\t\t\t<\/div>\n\t\t\t\t<\/div>\n\t\t\t\t<\/div>\n\t\t<div class=\"elementor-element elementor-element-d3fde08 e-con-full e-flex e-con e-child\" data-id=\"d3fde08\" data-element_type=\"container\" data-e-type=\"container\">\n\t\t\t\t<div class=\"elementor-element elementor-element-63e2ffa elementor-widget elementor-widget-image\" data-id=\"63e2ffa\" data-element_type=\"widget\" data-e-type=\"widget\" data-widget_type=\"image.default\">\n\t\t\t\t<div class=\"elementor-widget-container\">\n\t\t\t\t\t\t\t\t\t\t\t\t\t\t\t<img decoding=\"async\" width=\"800\" height=\"545\" src=\"https:\/\/equipeanniedufour.com\/wp-content\/uploads\/2024\/08\/operation_enfant_soleil.webp\" class=\"attachment-full size-full wp-image-4540\" alt=\"\" srcset=\"https:\/\/equipeanniedufour.com\/wp-content\/uploads\/2024\/08\/operation_enfant_soleil.webp 800w, https:\/\/equipeanniedufour.com\/wp-content\/uploads\/2024\/08\/operation_enfant_soleil-300x204.webp 300w, https:\/\/equipeanniedufour.com\/wp-content\/uploads\/2024\/08\/operation_enfant_soleil-768x523.webp 768w\" sizes=\"(max-width: 800px) 100vw, 800px\" \/>\t\t\t\t\t\t\t\t\t\t\t\t\t\t\t<\/div>\n\t\t\t\t<\/div>\n\t\t\t\t<\/div>\n\t\t\t\t<\/div>\n\t\t<div class=\"elementor-element elementor-element-521bc23 e-flex e-con-boxed e-con e-parent\" data-id=\"521bc23\" data-element_type=\"container\" data-e-type=\"container\">\n\t\t\t\t\t<div class=\"e-con-inner\">\n\t\t<div class=\"elementor-element elementor-element-4d2bc9f e-con-full e-flex e-con e-child\" data-id=\"4d2bc9f\" data-element_type=\"container\" data-e-type=\"container\">\n\t\t\t\t<div class=\"elementor-element elementor-element-eaa127d elementor-arrows-position-inside elementor-pagination-position-outside elementor-widget elementor-widget-image-carousel\" data-id=\"eaa127d\" data-element_type=\"widget\" data-e-type=\"widget\" data-settings=\"{&quot;slides_to_show&quot;:&quot;1&quot;,&quot;navigation&quot;:&quot;both&quot;,&quot;autoplay&quot;:&quot;yes&quot;,&quot;pause_on_hover&quot;:&quot;yes&quot;,&quot;pause_on_interaction&quot;:&quot;yes&quot;,&quot;autoplay_speed&quot;:5000,&quot;infinite&quot;:&quot;yes&quot;,&quot;effect&quot;:&quot;slide&quot;,&quot;speed&quot;:500}\" data-widget_type=\"image-carousel.default\">\n\t\t\t\t<div class=\"elementor-widget-container\">\n\t\t\t\t\t\t\t<div class=\"elementor-image-carousel-wrapper swiper\" role=\"region\" aria-roledescription=\"carousel\" aria-label=\"Image Carousel\" dir=\"ltr\">\n\t\t\t<div class=\"elementor-image-carousel swiper-wrapper\" aria-live=\"off\">\n\t\t\t\t\t\t\t\t<div class=\"swiper-slide\" role=\"group\" aria-roledescription=\"slide\" aria-label=\"1 of 6\"><figure class=\"swiper-slide-inner\"><img decoding=\"async\" class=\"swiper-slide-image\" src=\"https:\/\/equipeanniedufour.com\/wp-content\/uploads\/2025\/02\/guide_vendeur_en-825x1024.webp\" alt=\"\u00c9quipe Annie Dufour - Guide vendeur\" \/><\/figure><\/div><div class=\"swiper-slide\" role=\"group\" aria-roledescription=\"slide\" aria-label=\"2 of 6\"><figure class=\"swiper-slide-inner\"><img decoding=\"async\" class=\"swiper-slide-image\" src=\"https:\/\/equipeanniedufour.com\/wp-content\/uploads\/2025\/02\/guide_acheteur_en-825x1024.webp\" alt=\"\u00c9quipe Annie Dufour - Guide acheteur\" \/><\/figure><\/div><div class=\"swiper-slide\" role=\"group\" aria-roledescription=\"slide\" aria-label=\"3 of 6\"><figure class=\"swiper-slide-inner\"><img decoding=\"async\" class=\"swiper-slide-image\" src=\"https:\/\/equipeanniedufour.com\/wp-content\/uploads\/2025\/02\/guide_transition_en-825x1024.webp\" alt=\"\u00c9quipe Annie Dufour - Guide de transition\" \/><\/figure><\/div><div class=\"swiper-slide\" role=\"group\" aria-roledescription=\"slide\" aria-label=\"4 of 6\"><figure class=\"swiper-slide-inner\"><img decoding=\"async\" class=\"swiper-slide-image\" src=\"https:\/\/equipeanniedufour.com\/wp-content\/uploads\/2025\/02\/guide_printemps_ete_en-825x1024.webp\" alt=\"\u00c9quipe Annie Dufour - Guide printemps-\u00e9t\u00e9\" \/><\/figure><\/div><div class=\"swiper-slide\" role=\"group\" aria-roledescription=\"slide\" aria-label=\"5 of 6\"><figure class=\"swiper-slide-inner\"><img decoding=\"async\" class=\"swiper-slide-image\" src=\"https:\/\/equipeanniedufour.com\/wp-content\/uploads\/2025\/02\/guide_automne_hiver_en-825x1024.webp\" alt=\"\u00c9quipe Annie Dufour - Guide automne-hiver\" \/><\/figure><\/div><div class=\"swiper-slide\" role=\"group\" aria-roledescription=\"slide\" aria-label=\"6 of 6\"><figure class=\"swiper-slide-inner\"><img decoding=\"async\" class=\"swiper-slide-image\" src=\"https:\/\/equipeanniedufour.com\/wp-content\/uploads\/2025\/02\/guide_enfants_en-825x1024.webp\" alt=\"\u00c9quipe Annie Dufour - Guide jeux pour enfants\" \/><\/figure><\/div>\t\t\t<\/div>\n\t\t\t\t\t\t\t\t\t\t\t\t<div class=\"elementor-swiper-button elementor-swiper-button-prev\" role=\"button\" tabindex=\"0\">\n\t\t\t\t\t\t<svg aria-hidden=\"true\" class=\"e-font-icon-svg e-eicon-chevron-left\" viewBox=\"0 0 1000 1000\" xmlns=\"http:\/\/www.w3.org\/2000\/svg\"><path d=\"M646 125C629 125 613 133 604 142L308 442C296 454 292 471 292 487 292 504 296 521 308 533L604 854C617 867 629 875 646 875 663 875 679 871 692 858 704 846 713 829 713 812 713 796 708 779 692 767L438 487 692 225C700 217 708 204 708 187 708 171 704 154 692 142 675 129 663 125 646 125Z\"><\/path><\/svg>\t\t\t\t\t<\/div>\n\t\t\t\t\t<div class=\"elementor-swiper-button elementor-swiper-button-next\" role=\"button\" tabindex=\"0\">\n\t\t\t\t\t\t<svg aria-hidden=\"true\" class=\"e-font-icon-svg e-eicon-chevron-right\" viewBox=\"0 0 1000 1000\" xmlns=\"http:\/\/www.w3.org\/2000\/svg\"><path d=\"M696 533C708 521 713 504 713 487 713 471 708 454 696 446L400 146C388 133 375 125 354 125 338 125 325 129 313 142 300 154 292 171 292 187 292 204 296 221 308 233L563 492 304 771C292 783 288 800 288 817 288 833 296 850 308 863 321 871 338 875 354 875 371 875 388 867 400 854L696 533Z\"><\/path><\/svg>\t\t\t\t\t<\/div>\n\t\t\t\t\n\t\t\t\t\t\t\t\t\t<div class=\"swiper-pagination\"><\/div>\n\t\t\t\t\t\t\t\t\t<\/div>\n\t\t\t\t\t\t<\/div>\n\t\t\t\t<\/div>\n\t\t\t\t<\/div>\n\t\t<div class=\"elementor-element elementor-element-71c2dee e-con-full e-flex e-con e-child\" data-id=\"71c2dee\" data-element_type=\"container\" data-e-type=\"container\">\n\t\t\t\t<div class=\"elementor-element elementor-element-c7bf2bf animated-slow elementor-invisible elementor-widget elementor-widget-heading\" data-id=\"c7bf2bf\" data-element_type=\"widget\" data-e-type=\"widget\" data-settings=\"{&quot;_animation&quot;:&quot;bounceIn&quot;}\" data-widget_type=\"heading.default\">\n\t\t\t\t<div class=\"elementor-widget-container\">\n\t\t\t\t\t<h2 class=\"elementor-heading-title elementor-size-default\">Your real estate journey  <br><span style=\"color:#AAAAAA\">tep by step<\/span><\/h2>\t\t\t\t<\/div>\n\t\t\t\t<\/div>\n\t\t\t\t<div class=\"elementor-element elementor-element-f8977bd elementor-widget elementor-widget-text-editor\" data-id=\"f8977bd\" data-element_type=\"widget\" data-e-type=\"widget\" data-widget_type=\"text-editor.default\">\n\t\t\t\t<div class=\"elementor-widget-container\">\n\t\t\t\t\t\t\t\t\t<p>Navigating your real estate projects is simplified with our thorough and accessible guides. Whether buying or selling, you can find clear information and advice tailored to every step.<\/p>\n\t\t\t\t\t\t\t\t<\/div>\n\t\t\t\t<\/div>\n\t\t\t\t<div class=\"elementor-element elementor-element-79f03bf elementor-widget__width-auto elementor-mobile-align-center elementor-widget elementor-widget-button\" data-id=\"79f03bf\" data-element_type=\"widget\" data-e-type=\"widget\" data-widget_type=\"button.default\">\n\t\t\t\t<div class=\"elementor-widget-container\">\n\t\t\t\t\t\t\t\t\t<div class=\"elementor-button-wrapper\">\n\t\t\t\t\t<a class=\"elementor-button elementor-button-link elementor-size-sm\" href=\"https:\/\/equipeanniedufour.com\/en\/real-estate-guides\/\">\n\t\t\t\t\t\t<span class=\"elementor-button-content-wrapper\">\n\t\t\t\t\t\t\t\t\t<span class=\"elementor-button-text\">Discover the guides<\/span>\n\t\t\t\t\t<\/span>\n\t\t\t\t\t<\/a>\n\t\t\t\t<\/div>\n\t\t\t\t\t\t\t\t<\/div>\n\t\t\t\t<\/div>\n\t\t\t\t<\/div>\n\t\t\t\t\t<\/div>\n\t\t\t\t<\/div>\n\t\t<div class=\"elementor-element elementor-element-a8b4e0c e-flex e-con-boxed e-con e-parent\" data-id=\"a8b4e0c\" data-element_type=\"container\" data-e-type=\"container\" data-settings=\"{&quot;background_background&quot;:&quot;classic&quot;}\">\n\t\t\t\t\t<div class=\"e-con-inner\">\n\t\t\t\t<div class=\"elementor-element elementor-element-d6305a5 animated-slow elementor-invisible elementor-widget elementor-widget-heading\" data-id=\"d6305a5\" data-element_type=\"widget\" data-e-type=\"widget\" data-settings=\"{&quot;_animation&quot;:&quot;bounceInUp&quot;}\" data-widget_type=\"heading.default\">\n\t\t\t\t<div class=\"elementor-widget-container\">\n\t\t\t\t\t<h2 class=\"elementor-heading-title elementor-size-default\">Ready to start your real estate journey?<\/h2>\t\t\t\t<\/div>\n\t\t\t\t<\/div>\n\t\t\t\t<div class=\"elementor-element elementor-element-6a52422 elementor-widget__width-initial animated-slow elementor-invisible elementor-widget elementor-widget-heading\" data-id=\"6a52422\" data-element_type=\"widget\" data-e-type=\"widget\" data-settings=\"{&quot;_animation&quot;:&quot;bounceInUp&quot;}\" data-widget_type=\"heading.default\">\n\t\t\t\t<div class=\"elementor-widget-container\">\n\t\t\t\t\t<p class=\"elementor-heading-title elementor-size-default\">Get in touch with Team Annie Dufour!<\/p>\t\t\t\t<\/div>\n\t\t\t\t<\/div>\n\t\t\t\t<div class=\"elementor-element elementor-element-9d50fc4 elementor-widget__width-inherit elementor-widget elementor-widget-html\" data-id=\"9d50fc4\" data-element_type=\"widget\" data-e-type=\"widget\" data-widget_type=\"html.default\">\n\t\t\t\t<div class=\"elementor-widget-container\">\n\t\t\t\t\t<iframe\n  src=\"https:\/\/api.leadconnectorhq.com\/widget\/form\/7SfImA4YkM2UtijXnmRo\"\n  style=\"width:100%;height:100%;border:none;border-radius:4px\"\n  id=\"inline-7SfImA4YkM2UtijXnmRo\" \n  data-layout=\"{'id':'INLINE'}\"\n  data-trigger-type=\"alwaysShow\"\n  data-trigger-value=\"\"\n  data-activation-type=\"alwaysActivated\"\n  data-activation-value=\"\"\n  data-deactivation-type=\"neverDeactivate\"\n  data-deactivation-value=\"\"\n  data-form-name=\"Formulaire contact English\"\n  data-height=\"864\"\n  data-layout-iframe-id=\"inline-7SfImA4YkM2UtijXnmRo\"\n  data-form-id=\"7SfImA4YkM2UtijXnmRo\"\n  title=\"Formulaire contact English\"\n      >\n<\/iframe>\n<script src=\"https:\/\/link.msgsndr.com\/js\/form_embed.js\"><\/script>\t\t\t\t<\/div>\n\t\t\t\t<\/div>\n\t\t\t\t\t<\/div>\n\t\t\t\t<\/div>\n\t\t\t\t<\/div>\n\t\t","protected":false},"excerpt":{"rendered":"<p>Our Social Implications Working in various sectors of the real estate industry exposes us to many different realities. Through these experiences, we have witnessed the importance of providing tangible support to those in need. With this in mind, Team Annie Dufour is dedicated to giving back to the Saguenay community by supporting important causes such [&hellip;]<\/p>\n","protected":false},"author":1,"featured_media":0,"parent":0,"menu_order":0,"comment_status":"closed","ping_status":"closed","template":"elementor_header_footer","meta":{"_acf_changed":false,"aar_service_area_served":"","aar_service_pricing_note":"","aar_service_benefits":[],"aar_service_type":"","aar_service_faq":[],"aar_page_faq":[],"aar_product_sku":"","aar_product_brand":"","aar_product_price":"","aar_product_currency":"","aar_product_availability":"","aar_product_gtin":"","aar_product_url_canonical":"","aar_product_gallery_ids":[],"aar_product_faq":[],"footnotes":""},"class_list":["post-4732","page","type-page","status-publish","hentry"],"acf":[],"yoast_head":"<!-- This site is optimized with the Yoast SEO plugin v27.2 - https:\/\/yoast.com\/product\/yoast-seo-wordpress\/ -->\n<title>Social Implications | Team Annie Dufour, Brokers in Saguenay<\/title>\n<meta name=\"description\" content=\"We are committed to giving back to our community and making a meaningful impact. Discover our social implications!\" \/>\n<meta name=\"robots\" content=\"index, follow, max-snippet:-1, max-image-preview:large, max-video-preview:-1\" \/>\n<link rel=\"canonical\" href=\"https:\/\/equipeanniedufour.com\/en\/social-implications\/\" \/>\n<meta property=\"og:locale\" content=\"en_US\" \/>\n<meta property=\"og:type\" content=\"article\" \/>\n<meta property=\"og:title\" content=\"Social Implications | Team Annie Dufour, Brokers in Saguenay\" \/>\n<meta property=\"og:description\" content=\"We are committed to giving back to our community and making a meaningful impact. Discover our social implications!\" \/>\n<meta property=\"og:url\" content=\"https:\/\/equipeanniedufour.com\/en\/social-implications\/\" \/>\n<meta property=\"og:site_name\" content=\"Annie Dufour\" \/>\n<meta property=\"article:modified_time\" content=\"2026-03-23T17:39:19+00:00\" \/>\n<meta property=\"og:image\" content=\"https:\/\/equipeanniedufour.com\/wp-content\/uploads\/2026\/03\/DSCF5794.png\" \/>\n\t<meta property=\"og:image:width\" content=\"1200\" \/>\n\t<meta property=\"og:image:height\" content=\"1600\" \/>\n\t<meta property=\"og:image:type\" content=\"image\/png\" \/>\n<meta name=\"twitter:card\" content=\"summary_large_image\" \/>\n<meta name=\"twitter:label1\" content=\"Est. reading time\" \/>\n\t<meta name=\"twitter:data1\" content=\"3 minutes\" \/>\n<script type=\"application\/ld+json\" class=\"yoast-schema-graph\">{\"@context\":\"https:\/\/schema.org\",\"@graph\":[{\"@type\":\"WebPage\",\"@id\":\"https:\/\/equipeanniedufour.com\/en\/social-implications\/\",\"url\":\"https:\/\/equipeanniedufour.com\/en\/social-implications\/\",\"name\":\"Social Implications | Team Annie Dufour, Brokers in Saguenay\",\"isPartOf\":{\"@id\":\"https:\/\/equipeanniedufour.com\/en\/#website\"},\"primaryImageOfPage\":{\"@id\":\"https:\/\/equipeanniedufour.com\/en\/social-implications\/#primaryimage\"},\"image\":{\"@id\":\"https:\/\/equipeanniedufour.com\/en\/social-implications\/#primaryimage\"},\"thumbnailUrl\":\"https:\/\/equipeanniedufour.com\/wp-content\/uploads\/2026\/03\/DSCF5794.png\",\"datePublished\":\"2024-08-20T20:22:17+00:00\",\"dateModified\":\"2026-03-23T17:39:19+00:00\",\"description\":\"We are committed to giving back to our community and making a meaningful impact. Discover our social implications!\",\"breadcrumb\":{\"@id\":\"https:\/\/equipeanniedufour.com\/en\/social-implications\/#breadcrumb\"},\"inLanguage\":\"en-US\",\"potentialAction\":[{\"@type\":\"ReadAction\",\"target\":[\"https:\/\/equipeanniedufour.com\/en\/social-implications\/\"]}]},{\"@type\":\"ImageObject\",\"inLanguage\":\"en-US\",\"@id\":\"https:\/\/equipeanniedufour.com\/en\/social-implications\/#primaryimage\",\"url\":\"https:\/\/equipeanniedufour.com\/wp-content\/uploads\/2026\/03\/DSCF5794.png\",\"contentUrl\":\"https:\/\/equipeanniedufour.com\/wp-content\/uploads\/2026\/03\/DSCF5794.png\"},{\"@type\":\"BreadcrumbList\",\"@id\":\"https:\/\/equipeanniedufour.com\/en\/social-implications\/#breadcrumb\",\"itemListElement\":[{\"@type\":\"ListItem\",\"position\":1,\"name\":\"Accueil\",\"item\":\"https:\/\/equipeanniedufour.com\/en\/\"},{\"@type\":\"ListItem\",\"position\":2,\"name\":\"Social implications\"}]},{\"@type\":\"WebSite\",\"@id\":\"https:\/\/equipeanniedufour.com\/en\/#website\",\"url\":\"https:\/\/equipeanniedufour.com\/en\/\",\"name\":\"Annie Dufour\",\"description\":\"Courtier immobilier\",\"potentialAction\":[{\"@type\":\"SearchAction\",\"target\":{\"@type\":\"EntryPoint\",\"urlTemplate\":\"https:\/\/equipeanniedufour.com\/en\/?s={search_term_string}\"},\"query-input\":{\"@type\":\"PropertyValueSpecification\",\"valueRequired\":true,\"valueName\":\"search_term_string\"}}],\"inLanguage\":\"en-US\"}]}<\/script>\n<!-- \/ Yoast SEO plugin. -->","yoast_head_json":{"title":"Social Implications | Team Annie Dufour, Brokers in Saguenay","description":"We are committed to giving back to our community and making a meaningful impact. Discover our social implications!","robots":{"index":"index","follow":"follow","max-snippet":"max-snippet:-1","max-image-preview":"max-image-preview:large","max-video-preview":"max-video-preview:-1"},"canonical":"https:\/\/equipeanniedufour.com\/en\/social-implications\/","og_locale":"en_US","og_type":"article","og_title":"Social Implications | Team Annie Dufour, Brokers in Saguenay","og_description":"We are committed to giving back to our community and making a meaningful impact. Discover our social implications!","og_url":"https:\/\/equipeanniedufour.com\/en\/social-implications\/","og_site_name":"Annie Dufour","article_modified_time":"2026-03-23T17:39:19+00:00","og_image":[{"width":1200,"height":1600,"url":"https:\/\/equipeanniedufour.com\/wp-content\/uploads\/2026\/03\/DSCF5794.png","type":"image\/png"}],"twitter_card":"summary_large_image","twitter_misc":{"Est. reading time":"3 minutes"},"schema":{"@context":"https:\/\/schema.org","@graph":[{"@type":"WebPage","@id":"https:\/\/equipeanniedufour.com\/en\/social-implications\/","url":"https:\/\/equipeanniedufour.com\/en\/social-implications\/","name":"Social Implications | Team Annie Dufour, Brokers in Saguenay","isPartOf":{"@id":"https:\/\/equipeanniedufour.com\/en\/#website"},"primaryImageOfPage":{"@id":"https:\/\/equipeanniedufour.com\/en\/social-implications\/#primaryimage"},"image":{"@id":"https:\/\/equipeanniedufour.com\/en\/social-implications\/#primaryimage"},"thumbnailUrl":"https:\/\/equipeanniedufour.com\/wp-content\/uploads\/2026\/03\/DSCF5794.png","datePublished":"2024-08-20T20:22:17+00:00","dateModified":"2026-03-23T17:39:19+00:00","description":"We are committed to giving back to our community and making a meaningful impact. Discover our social implications!","breadcrumb":{"@id":"https:\/\/equipeanniedufour.com\/en\/social-implications\/#breadcrumb"},"inLanguage":"en-US","potentialAction":[{"@type":"ReadAction","target":["https:\/\/equipeanniedufour.com\/en\/social-implications\/"]}]},{"@type":"ImageObject","inLanguage":"en-US","@id":"https:\/\/equipeanniedufour.com\/en\/social-implications\/#primaryimage","url":"https:\/\/equipeanniedufour.com\/wp-content\/uploads\/2026\/03\/DSCF5794.png","contentUrl":"https:\/\/equipeanniedufour.com\/wp-content\/uploads\/2026\/03\/DSCF5794.png"},{"@type":"BreadcrumbList","@id":"https:\/\/equipeanniedufour.com\/en\/social-implications\/#breadcrumb","itemListElement":[{"@type":"ListItem","position":1,"name":"Accueil","item":"https:\/\/equipeanniedufour.com\/en\/"},{"@type":"ListItem","position":2,"name":"Social implications"}]},{"@type":"WebSite","@id":"https:\/\/equipeanniedufour.com\/en\/#website","url":"https:\/\/equipeanniedufour.com\/en\/","name":"Annie Dufour","description":"Courtier immobilier","potentialAction":[{"@type":"SearchAction","target":{"@type":"EntryPoint","urlTemplate":"https:\/\/equipeanniedufour.com\/en\/?s={search_term_string}"},"query-input":{"@type":"PropertyValueSpecification","valueRequired":true,"valueName":"search_term_string"}}],"inLanguage":"en-US"}]}},"_links":{"self":[{"href":"https:\/\/equipeanniedufour.com\/en\/wp-json\/wp\/v2\/pages\/4732","targetHints":{"allow":["GET"]}}],"collection":[{"href":"https:\/\/equipeanniedufour.com\/en\/wp-json\/wp\/v2\/pages"}],"about":[{"href":"https:\/\/equipeanniedufour.com\/en\/wp-json\/wp\/v2\/types\/page"}],"author":[{"embeddable":true,"href":"https:\/\/equipeanniedufour.com\/en\/wp-json\/wp\/v2\/users\/1"}],"replies":[{"embeddable":true,"href":"https:\/\/equipeanniedufour.com\/en\/wp-json\/wp\/v2\/comments?post=4732"}],"version-history":[{"count":12,"href":"https:\/\/equipeanniedufour.com\/en\/wp-json\/wp\/v2\/pages\/4732\/revisions"}],"predecessor-version":[{"id":7541,"href":"https:\/\/equipeanniedufour.com\/en\/wp-json\/wp\/v2\/pages\/4732\/revisions\/7541"}],"wp:attachment":[{"href":"https:\/\/equipeanniedufour.com\/en\/wp-json\/wp\/v2\/media?parent=4732"}],"curies":[{"name":"wp","href":"https:\/\/api.w.org\/{rel}","templated":true}]}}